{"id":427,"date":"2017-03-06T07:59:19","date_gmt":"2017-03-06T07:59:19","guid":{"rendered":"http:\/\/www.matrinhirvoset.fi\/?page_id=427"},"modified":"2017-11-14T00:09:06","modified_gmt":"2017-11-13T21:09:06","slug":"sukulaulu-2","status":"publish","type":"page","link":"https:\/\/www.matrinhirvoset.fi\/?page_id=427","title":{"rendered":"Tunnukset"},"content":{"rendered":"<h5>Sukuvaakuna<\/h5>\n<p>Sukutunnuksemme virallinen m\u00e4\u00e4ritelm\u00e4 kuuluu seuraavasti:<\/p>\n<p><em>Punaiseen ja mustaan alennetusti katkaistulla kilvell\u00e4 alennettu hopeinen, yl\u00e4reunastaan aaltokoroinen hirsi ja laessa hopeinen muuriankkuri saatteenaan nelj\u00e4 nelilehtist\u00e4 2 + 2 sek\u00e4 tyvess\u00e4 kolme hopeista nelilehtist\u00e4.<\/em><\/p>\n<p>Sukuvaakunan ideoi Seppo Rahkonen ja toteutus on heraldikko Tapani Talarin&nbsp;k\u00e4sialaa. Vaakunassa on Karjalan v\u00e4rit, keskialue tuo mieleen&nbsp;Matrinj\u00e4rven, muuriankkuri symboloi sukuseuran teht\u00e4v\u00e4\u00e4 j\u00e4seni\u00e4 yhteen liitt\u00e4v\u00e4n\u00e4 siteen\u00e4 ja seitsem\u00e4n nelilehtist\u00e4 kuvastaa seitsem\u00e4\u00e4 sukuhaaraa. Suomen heraldisen seuran virallisen vaakunaselityksen l\u00f6yd\u00e4t <a href=\"https:\/\/www.matrinhirvoset.fi\/wp-content\/uploads\/2017\/10\/Sukutunnus-Vaakunaselitys.pdf\">t\u00e4\u00e4lt\u00e4<\/a>.<\/p>\n<p><img loading=\"lazy\" decoding=\"async\" class=\"wp-image-384 size-medium alignleft\" src=\"https:\/\/www.matrinhirvoset.fi\/wp-content\/uploads\/2017\/02\/sukut-257x300.jpg\" alt=\"\" height=\"300\" width=\"257\" srcset=\"https:\/\/www.matrinhirvoset.fi\/wp-content\/uploads\/2017\/02\/sukut-257x300.jpg 257w, https:\/\/www.matrinhirvoset.fi\/wp-content\/uploads\/2017\/02\/sukut-768x896.jpg 768w, https:\/\/www.matrinhirvoset.fi\/wp-content\/uploads\/2017\/02\/sukut-878x1024.jpg 878w, https:\/\/www.matrinhirvoset.fi\/wp-content\/uploads\/2017\/02\/sukut.jpg 1015w\" sizes=\"auto, (max-width: 257px) 85vw, 257px\" \/><\/p>\n<h5>Sukulaulu<\/h5>\n<p>Paula Pr\u00e4ktig kertoo alla s\u00e4velt\u00e4m\u00e4ns\u00e4 sukulaulun taustasta. Itse sukulaulu l\u00f6ytyy sivun alaosasta.<\/p>\n<p>&#8221;Ajatus Matrin Hirvosten oman sukulaulun tekemisest\u00e4 her\u00e4si mieless\u00e4ni alkujaan kahden todellisuuden t\u00f6rm\u00e4yksess\u00e4. Olin parhaillaan s\u00e4velt\u00e4m\u00e4ss\u00e4 musiikkia opintojeni p\u00e4\u00e4t\u00f6skonserttia varten, kun sukuseuran hallituksen kokouksessa minua pyydettiin ideoimaan toimintaa tulevalle hallituskaudelle.<\/p>\n<p>Niinp\u00e4 aloin suunnitella. My\u00f6nnett\u00e4k\u00f6\u00f6n ett\u00e4 ajatus tekstin tekemisest\u00e4 sukulauluun yksin suorastaan hirvitti. Niinp\u00e4 p\u00e4\u00e4tin pyyt\u00e4\u00e4 sukuseuran j\u00e4senilt\u00e4 apuja. Olin ollut aiemmin mukana parissa yhteis\u00f6llisess\u00e4 lauluntekoty\u00f6pajassa, ja t\u00e4llainen ty\u00f6tapa oli minusta mukava ja t\u00e4h\u00e4n tarkoitukseen oivallinen. Kyseess\u00e4 on sent\u00e4\u00e4n sukulaulu \u2013 laulu, jonka k\u00e4ytt\u00f6tarkoitus on tulla lauletuksi yhdess\u00e4.<\/p>\n<p>Hein\u00e4kuussa 2014 Siikaisten sukukokouksessa ker\u00e4sin osallistujilta sanoja, lauseita ja ajatuksia Matrin Hirvosista v\u00e4rikk\u00e4ille tarralapuille. Niit\u00e4 tuli kiitett\u00e4v\u00e4n paljon! Muutenkin laulua ideoitiin yhdess\u00e4. Joku ehdotti, ett\u00e4 olisi hyv\u00e4 jos laulun sanoissa kerrottaisiin suvun historiasta ja kantavanhemmista. Joku toinen ehdotti tyylilajiksi \u201creipas marssi\u201d. N\u00e4in oitis sieluni silmin Matrin Hirvosten sukuseuran edustajat marssimassa vaakunoineen kulkueessa, laulaen sukunsa vaiheista kertovaa laulua. Ajatus oli hauska ja halusin toteuttaa ne.<\/p>\n<p>Ja kuinka ollakaan, samana iltana k\u00e4vi ilmi, ett\u00e4 Seppo Rahkonen oli kirjoittanut monis\u00e4keisen runon nimelt\u00e4 Matrin Hirvosten kronikka! Runossa kerrotaan Robertin ja Lucinan j\u00e4lkel\u00e4isten vaiheista. Kuulin tekstin kirjoittajan itsens\u00e4 lausumana ja ajattelin heti, ett\u00e4 t\u00e4ss\u00e4h\u00e4n se on.<\/p>\n<p>Yhdess\u00e4 ty\u00f6stimme teksti\u00e4 syksyn mittaan viel\u00e4 hieman laulettavampaan muotoon: hioimme tavut ja painotukset paikoilleen ja lis\u00e4simme viel\u00e4 yhden s\u00e4keist\u00f6n, joka kertoo suvun nykyisyydest\u00e4.<\/p>\n<p>Toivon ett\u00e4 mahdollisimman moni sukulainen voisi samaistua tuotokseemme, ja ottaa sanat ja melodian omakseen.<\/p>\n<p>Lauletaan kun tavataan!&#8221;<\/p>\n<p>Paula Pr\u00e4ktig,&nbsp; helmikuussa 2015<\/p>\n<p>Laulun voit kuulla laulettuna alta&nbsp;ja nuotit l\u00f6yd\u00e4t viel\u00e4 alempaa.<\/p>\n<audio class=\"wp-audio-shortcode\" id=\"audio-427-1\" preload=\"none\" style=\"width: 100%;\" controls=\"controls\"><source type=\"audio\/mpeg\" src=\"https:\/\/www.matrinhirvoset.fi\/wp-content\/uploads\/2017\/03\/sukulaulu.mp3?_=1\" \/><a href=\"https:\/\/www.matrinhirvoset.fi\/wp-content\/uploads\/2017\/03\/sukulaulu.mp3\">https:\/\/www.matrinhirvoset.fi\/wp-content\/uploads\/2017\/03\/sukulaulu.mp3<\/a><\/audio>\n<p><a href=\"https:\/\/www.matrinhirvoset.fi\/wp-content\/uploads\/2017\/02\/Kronikka-Matrin-Hirvosista-nuotti-page-001.jpg\"><img loading=\"lazy\" decoding=\"async\" class=\"alignleft wp-image-116 size-full\" src=\"https:\/\/www.matrinhirvoset.fi\/wp-content\/uploads\/2017\/02\/Kronikka-Matrin-Hirvosista-nuotti-page-001.jpg\" height=\"877\" width=\"620\" srcset=\"https:\/\/www.matrinhirvoset.fi\/wp-content\/uploads\/2017\/02\/Kronikka-Matrin-Hirvosista-nuotti-page-001.jpg 620w, https:\/\/www.matrinhirvoset.fi\/wp-content\/uploads\/2017\/02\/Kronikka-Matrin-Hirvosista-nuotti-page-001-212x300.jpg 212w\" sizes=\"auto, (max-width: 620px) 85vw, 620px\" \/><\/a><\/p>\n<div class=\"pvc_clear\"><\/div>\n<p id=\"pvc_stats_427\" class=\"pvc_stats all  \" data-element-id=\"427\" style=\"\"><i class=\"pvc-stats-icon medium\" aria-hidden=\"true\"><svg aria-hidden=\"true\" focusable=\"false\" data-prefix=\"far\" data-icon=\"chart-bar\" role=\"img\" xmlns=\"http:\/\/www.w3.org\/2000\/svg\" viewBox=\"0 0 512 512\" class=\"svg-inline--fa fa-chart-bar fa-w-16 fa-2x\"><path fill=\"currentColor\" d=\"M396.8 352h22.4c6.4 0 12.8-6.4 12.8-12.8V108.8c0-6.4-6.4-12.8-12.8-12.8h-22.4c-6.4 0-12.8 6.4-12.8 12.8v230.4c0 6.4 6.4 12.8 12.8 12.8zm-192 0h22.4c6.4 0 12.8-6.4 12.8-12.8V140.8c0-6.4-6.4-12.8-12.8-12.8h-22.4c-6.4 0-12.8 6.4-12.8 12.8v198.4c0 6.4 6.4 12.8 12.8 12.8zm96 0h22.4c6.4 0 12.8-6.4 12.8-12.8V204.8c0-6.4-6.4-12.8-12.8-12.8h-22.4c-6.4 0-12.8 6.4-12.8 12.8v134.4c0 6.4 6.4 12.8 12.8 12.8zM496 400H48V80c0-8.84-7.16-16-16-16H16C7.16 64 0 71.16 0 80v336c0 17.67 14.33 32 32 32h464c8.84 0 16-7.16 16-16v-16c0-8.84-7.16-16-16-16zm-387.2-48h22.4c6.4 0 12.8-6.4 12.8-12.8v-70.4c0-6.4-6.4-12.8-12.8-12.8h-22.4c-6.4 0-12.8 6.4-12.8 12.8v70.4c0 6.4 6.4 12.8 12.8 12.8z\" class=\"\"><\/path><\/svg><\/i> <img loading=\"lazy\" decoding=\"async\" width=\"16\" height=\"16\" alt=\"Loading\" src=\"https:\/\/www.matrinhirvoset.fi\/wp-content\/plugins\/page-views-count\/ajax-loader-2x.gif\" border=0 \/><\/p>\n<div class=\"pvc_clear\"><\/div>\n","protected":false},"excerpt":{"rendered":"<p>Sukuvaakuna Sukutunnuksemme virallinen m\u00e4\u00e4ritelm\u00e4 kuuluu seuraavasti: Punaiseen ja mustaan alennetusti katkaistulla kilvell\u00e4 alennettu hopeinen, yl\u00e4reunastaan aaltokoroinen hirsi ja laessa hopeinen muuriankkuri saatteenaan nelj\u00e4 nelilehtist\u00e4 2 + 2 sek\u00e4 tyvess\u00e4 kolme hopeista nelilehtist\u00e4. Sukuvaakunan ideoi Seppo Rahkonen ja toteutus on heraldikko Tapani Talarin&nbsp;k\u00e4sialaa. Vaakunassa on Karjalan v\u00e4rit, keskialue tuo mieleen&nbsp;Matrinj\u00e4rven, muuriankkuri symboloi sukuseuran teht\u00e4v\u00e4\u00e4 j\u00e4seni\u00e4 yhteen &hellip; <a href=\"https:\/\/www.matrinhirvoset.fi\/?page_id=427\" class=\"more-link\">Jatka lukemista<span class=\"screen-reader-text\"> &#8221;Tunnukset&#8221;<\/span><\/a><\/p>\n<div class=\"pvc_clear\"><\/div>\n<p id=\"pvc_stats_427\" class=\"pvc_stats all  \" data-element-id=\"427\" style=\"\"><i class=\"pvc-stats-icon medium\" aria-hidden=\"true\"><svg aria-hidden=\"true\" focusable=\"false\" data-prefix=\"far\" data-icon=\"chart-bar\" role=\"img\" xmlns=\"http:\/\/www.w3.org\/2000\/svg\" viewBox=\"0 0 512 512\" class=\"svg-inline--fa fa-chart-bar fa-w-16 fa-2x\"><path fill=\"currentColor\" d=\"M396.8 352h22.4c6.4 0 12.8-6.4 12.8-12.8V108.8c0-6.4-6.4-12.8-12.8-12.8h-22.4c-6.4 0-12.8 6.4-12.8 12.8v230.4c0 6.4 6.4 12.8 12.8 12.8zm-192 0h22.4c6.4 0 12.8-6.4 12.8-12.8V140.8c0-6.4-6.4-12.8-12.8-12.8h-22.4c-6.4 0-12.8 6.4-12.8 12.8v198.4c0 6.4 6.4 12.8 12.8 12.8zm96 0h22.4c6.4 0 12.8-6.4 12.8-12.8V204.8c0-6.4-6.4-12.8-12.8-12.8h-22.4c-6.4 0-12.8 6.4-12.8 12.8v134.4c0 6.4 6.4 12.8 12.8 12.8zM496 400H48V80c0-8.84-7.16-16-16-16H16C7.16 64 0 71.16 0 80v336c0 17.67 14.33 32 32 32h464c8.84 0 16-7.16 16-16v-16c0-8.84-7.16-16-16-16zm-387.2-48h22.4c6.4 0 12.8-6.4 12.8-12.8v-70.4c0-6.4-6.4-12.8-12.8-12.8h-22.4c-6.4 0-12.8 6.4-12.8 12.8v70.4c0 6.4 6.4 12.8 12.8 12.8z\" class=\"\"><\/path><\/svg><\/i> <img loading=\"lazy\" decoding=\"async\" width=\"16\" height=\"16\" alt=\"Loading\" src=\"https:\/\/www.matrinhirvoset.fi\/wp-content\/plugins\/page-views-count\/ajax-loader-2x.gif\" border=0 \/><\/p>\n<div class=\"pvc_clear\"><\/div>\n","protected":false},"author":1,"featured_media":0,"parent":0,"menu_order":0,"comment_status":"closed","ping_status":"closed","template":"","meta":{"footnotes":""},"class_list":["post-427","page","type-page","status-publish","hentry"],"_links":{"self":[{"href":"https:\/\/www.matrinhirvoset.fi\/index.php?rest_route=\/wp\/v2\/pages\/427","targetHints":{"allow":["GET"]}}],"collection":[{"href":"https:\/\/www.matrinhirvoset.fi\/index.php?rest_route=\/wp\/v2\/pages"}],"about":[{"href":"https:\/\/www.matrinhirvoset.fi\/index.php?rest_route=\/wp\/v2\/types\/page"}],"author":[{"embeddable":true,"href":"https:\/\/www.matrinhirvoset.fi\/index.php?rest_route=\/wp\/v2\/users\/1"}],"replies":[{"embeddable":true,"href":"https:\/\/www.matrinhirvoset.fi\/index.php?rest_route=%2Fwp%2Fv2%2Fcomments&post=427"}],"version-history":[{"count":15,"href":"https:\/\/www.matrinhirvoset.fi\/index.php?rest_route=\/wp\/v2\/pages\/427\/revisions"}],"predecessor-version":[{"id":1067,"href":"https:\/\/www.matrinhirvoset.fi\/index.php?rest_route=\/wp\/v2\/pages\/427\/revisions\/1067"}],"wp:attachment":[{"href":"https:\/\/www.matrinhirvoset.fi\/index.php?rest_route=%2Fwp%2Fv2%2Fmedia&parent=427"}],"curies":[{"name":"wp","href":"https:\/\/api.w.org\/{rel}","templated":true}]}}