{"id":623,"date":"2017-03-23T03:49:58","date_gmt":"2017-03-23T03:49:58","guid":{"rendered":"http:\/\/www.matrinhirvoset.fi\/?page_id=623"},"modified":"2025-12-09T16:18:11","modified_gmt":"2025-12-09T13:18:11","slug":"tietoa","status":"publish","type":"page","link":"https:\/\/www.matrinhirvoset.fi\/?page_id=623","title":{"rendered":"Tietoa ja liittyminen"},"content":{"rendered":"<h5>Historia<\/h5>\r\n<p>Matrin Hirvosten sukuseura ry perustettiin vuonna 2010 yhdist\u00e4m\u00e4\u00e4n Pekka ja Lucina Hirvosen eri puolelle Suomea ja maailmaa kulkeutuneita j\u00e4lkel\u00e4isi\u00e4 ja ker\u00e4\u00e4m\u00e4\u00e4n ja s\u00e4ilytt\u00e4m\u00e4\u00e4n arvokasta perint\u00f6tietoa suvun vaiheista.<\/p>\r\n<h5>Toiminta<\/h5>\r\n<p>Matrin Hirvoset ry pyrkii nyky\u00e4\u00e4n j\u00e4rjest\u00e4m\u00e4\u00e4n sukutapaamisen kes\u00e4aikaan parillisina vuosina. Vuosina 2008, 2009 ja 2010 sukutapaamiset j\u00e4rjestettiin Uukuniemell\u00e4. Vuonna 2012 kokoonnuttiin Kuortaneella, jonne Robert Hirvonen perheineen p\u00e4\u00e4tyi evakkoon. Samalla k\u00e4ytiin katsomassa muidenkin Kuortaneelle p\u00e4\u00e4tyneiden matrilaisten evakoiden taloja. Vuonna 2014 sukutapaamisen yhteydess\u00e4 juhlistettiin Lilja Heikkil\u00e4n 75-vuotisp\u00e4ivi\u00e4, ja tapaaminen pidettiin Liljan kotipaikkakunnalla Siikaisissa. Vuonna 2016 tavattiin perinteisesti Uukuniemell\u00e4 Uukuniemi-p\u00e4ivien yhteydess\u00e4.<\/p>\r\n<p>Parittomina vuosina Matrin Hirvoset ry j\u00e4rjest\u00e4\u00e4 ulkomaanmatkan johonkin mielenkiintoiseen kohteeseen. Vuosina 2009 ja 2011 vierailtiin rajan takana Matrin kyl\u00e4ss\u00e4 suvun tilojen raunioilla. Vuonna 2013 k\u00e4ytiin Pietarissa Valkoiset y\u00f6t -festivaalin aikaan. Vuonna 2015 oli tarkoitus k\u00e4yd\u00e4 taasen Matrissa, mutta Putin ei antanut meille lupaa. Vuoden 2017 toukokuussa j\u00e4senet matkasivat viikonlopuksi tutustumaan Viipuriin.<\/p>\r\n<p>Kuvia sukutapaamisista sek\u00e4 matkoilta l\u00f6yd\u00e4t valokuvia-osioista.<\/p>\r\n<h5>S\u00e4\u00e4nn\u00f6t<\/h5>\r\n<p>Sukuseuran s\u00e4\u00e4nn\u00f6t l\u00f6yd\u00e4t <a href=\"https:\/\/www.matrinhirvoset.fi\/wp-content\/uploads\/2025\/12\/Yhdistyksen_saannot_08122025.pdf\">t\u00e4\u00e4lt\u00e4<\/a>.<\/p>\r\n<h5>Hallitus<\/h5>\r\n<div>Marja-Riitta Hirvonen, sukuseuran puheenjohtaja<\/div>\r\n<div style=\"padding-left: 40px;\"><em>marjariittahirv \u00c4T-MERKKI gmail PISTE com<br \/><\/em><\/div>\r\n<div>Elle Huisman, sihteeri<\/div>\r\n<div>\r\n<div style=\"padding-left: 40px;\"><em> elle.huisman \u00c4T-MERKKI gmail PISTE com<\/em><\/div>\r\n<\/div>\r\n<div>Leena Hirvonen<\/div>\r\n<div>Hannu Vuorikari<\/div>\r\n<div>Maria Junttila<\/div>\r\n<div>Vesa Hirvonen<\/div>\r\n<div style=\"padding-left: 30px;\"><em>vesah32 \u00c4T-MERKKI gmail PISTE com<\/em><\/div>\r\n<div>\u00a0<\/div>\r\n<h5>Liittyminen ja j\u00e4senmaksu<\/h5>\r\n<p><span class=\"fontstyle0\">1. Sukuseuraan liittyvien uusien j\u00e4senten <\/span><strong><span class=\"fontstyle2\">liittymismaksu on 10 euroa ja vuosittainen j\u00e4senmaksu aikuiselta on 10 euroa ja 15-17-vuotiailta 5 euroa<\/span><\/strong><span class=\"fontstyle0\">. <\/span><span class=\"fontstyle2\">J\u00e4senmaksu on hyv\u00e4 maksaa heti alkuvuodesta kuitenkin viimeist\u00e4\u00e4n 28.2. menness\u00e4.<br \/><\/span><\/p>\r\n<p style=\"padding-left: 30px;\"><span class=\"fontstyle2\">Sukuseuran pankkitili on <strong>Hannu Vuorikari FI05 1512 3500 0380 40<\/strong>. <\/span><span class=\"fontstyle0\">K\u00e4yt\u00e4mme maksujen maksamisessa kullekin j\u00e4senelle generoitua <a href=\"https:\/\/www.matrinhirvoset.fi\/?page_id=582\">henkil\u00f6kohtaista viitenumeroa<\/a>. Laskua maksaessasi kirjaa viitenumerosi laskuun, laskun tiedonantoja -kohtaan ei tarvitse kirjoittaa mit\u00e4\u00e4n.<br \/><\/span><span class=\"fontstyle0\"><br \/>Jos olet uusi j\u00e4sen, ole yhteydess\u00e4 Marja-Riitta Hirvoseen (marjariittahirv \u00c4T-MERKKI gmail PISTE com), joka antaa sinulle vapaan viitenumeron.<\/span><\/p>\r\n<p><span class=\"fontstyle0\">2. Maksusuoritteen lis\u00e4ksi, ole yst\u00e4v\u00e4llinen ja ilmoita sihteeri<\/span><span class=\"fontstyle2\"> Elle Huismanille<br \/><\/span><span class=\"fontstyle0\">(elle.huisman \u00c4T-MERKKI gmail PISTE com) <\/span><span class=\"fontstyle2\">nimesi, syntym\u00e4aikasi, s\u00e4hk\u00f6postiosoitteesi tai muu osoitteesi<\/span><span class=\"fontstyle0\">. Nimien ja syntym\u00e4aikatietojen perusteella laaditaan yhdistyslain edellytt\u00e4m\u00e4 j\u00e4senrekisteri.<\/span><\/p>\r\n\r\n<p>&nbsp;<\/p>\r\n<div class=\"pvc_clear\"><\/div><p id=\"pvc_stats_623\" class=\"pvc_stats all  \" data-element-id=\"623\" style=\"\"><i class=\"pvc-stats-icon medium\" aria-hidden=\"true\"><svg aria-hidden=\"true\" focusable=\"false\" data-prefix=\"far\" data-icon=\"chart-bar\" role=\"img\" xmlns=\"http:\/\/www.w3.org\/2000\/svg\" viewBox=\"0 0 512 512\" class=\"svg-inline--fa fa-chart-bar fa-w-16 fa-2x\"><path fill=\"currentColor\" d=\"M396.8 352h22.4c6.4 0 12.8-6.4 12.8-12.8V108.8c0-6.4-6.4-12.8-12.8-12.8h-22.4c-6.4 0-12.8 6.4-12.8 12.8v230.4c0 6.4 6.4 12.8 12.8 12.8zm-192 0h22.4c6.4 0 12.8-6.4 12.8-12.8V140.8c0-6.4-6.4-12.8-12.8-12.8h-22.4c-6.4 0-12.8 6.4-12.8 12.8v198.4c0 6.4 6.4 12.8 12.8 12.8zm96 0h22.4c6.4 0 12.8-6.4 12.8-12.8V204.8c0-6.4-6.4-12.8-12.8-12.8h-22.4c-6.4 0-12.8 6.4-12.8 12.8v134.4c0 6.4 6.4 12.8 12.8 12.8zM496 400H48V80c0-8.84-7.16-16-16-16H16C7.16 64 0 71.16 0 80v336c0 17.67 14.33 32 32 32h464c8.84 0 16-7.16 16-16v-16c0-8.84-7.16-16-16-16zm-387.2-48h22.4c6.4 0 12.8-6.4 12.8-12.8v-70.4c0-6.4-6.4-12.8-12.8-12.8h-22.4c-6.4 0-12.8 6.4-12.8 12.8v70.4c0 6.4 6.4 12.8 12.8 12.8z\" class=\"\"><\/path><\/svg><\/i> <img loading=\"lazy\" decoding=\"async\" width=\"16\" height=\"16\" alt=\"Loading\" src=\"https:\/\/www.matrinhirvoset.fi\/wp-content\/plugins\/page-views-count\/ajax-loader-2x.gif\" border=0 \/><\/p><div class=\"pvc_clear\"><\/div>","protected":false},"excerpt":{"rendered":"<p>Historia Matrin Hirvosten sukuseura ry perustettiin vuonna 2010 yhdist\u00e4m\u00e4\u00e4n Pekka ja Lucina Hirvosen eri puolelle Suomea ja maailmaa kulkeutuneita j\u00e4lkel\u00e4isi\u00e4 ja ker\u00e4\u00e4m\u00e4\u00e4n ja s\u00e4ilytt\u00e4m\u00e4\u00e4n arvokasta perint\u00f6tietoa suvun vaiheista. Toiminta Matrin Hirvoset ry pyrkii nyky\u00e4\u00e4n j\u00e4rjest\u00e4m\u00e4\u00e4n sukutapaamisen kes\u00e4aikaan parillisina vuosina. Vuosina 2008, 2009 ja 2010 sukutapaamiset j\u00e4rjestettiin Uukuniemell\u00e4. Vuonna 2012 kokoonnuttiin Kuortaneella, jonne Robert Hirvonen perheineen &hellip; <a href=\"https:\/\/www.matrinhirvoset.fi\/?page_id=623\" class=\"more-link\">Jatka lukemista<span class=\"screen-reader-text\"> &#8221;Tietoa ja liittyminen&#8221;<\/span><\/a><\/p>\n<div class=\"pvc_clear\"><\/div>\n<p id=\"pvc_stats_623\" class=\"pvc_stats all  \" data-element-id=\"623\" style=\"\"><i class=\"pvc-stats-icon medium\" aria-hidden=\"true\"><svg aria-hidden=\"true\" focusable=\"false\" data-prefix=\"far\" data-icon=\"chart-bar\" role=\"img\" xmlns=\"http:\/\/www.w3.org\/2000\/svg\" viewBox=\"0 0 512 512\" class=\"svg-inline--fa fa-chart-bar fa-w-16 fa-2x\"><path fill=\"currentColor\" d=\"M396.8 352h22.4c6.4 0 12.8-6.4 12.8-12.8V108.8c0-6.4-6.4-12.8-12.8-12.8h-22.4c-6.4 0-12.8 6.4-12.8 12.8v230.4c0 6.4 6.4 12.8 12.8 12.8zm-192 0h22.4c6.4 0 12.8-6.4 12.8-12.8V140.8c0-6.4-6.4-12.8-12.8-12.8h-22.4c-6.4 0-12.8 6.4-12.8 12.8v198.4c0 6.4 6.4 12.8 12.8 12.8zm96 0h22.4c6.4 0 12.8-6.4 12.8-12.8V204.8c0-6.4-6.4-12.8-12.8-12.8h-22.4c-6.4 0-12.8 6.4-12.8 12.8v134.4c0 6.4 6.4 12.8 12.8 12.8zM496 400H48V80c0-8.84-7.16-16-16-16H16C7.16 64 0 71.16 0 80v336c0 17.67 14.33 32 32 32h464c8.84 0 16-7.16 16-16v-16c0-8.84-7.16-16-16-16zm-387.2-48h22.4c6.4 0 12.8-6.4 12.8-12.8v-70.4c0-6.4-6.4-12.8-12.8-12.8h-22.4c-6.4 0-12.8 6.4-12.8 12.8v70.4c0 6.4 6.4 12.8 12.8 12.8z\" class=\"\"><\/path><\/svg><\/i> <img loading=\"lazy\" decoding=\"async\" width=\"16\" height=\"16\" alt=\"Loading\" src=\"https:\/\/www.matrinhirvoset.fi\/wp-content\/plugins\/page-views-count\/ajax-loader-2x.gif\" border=0 \/><\/p>\n<div class=\"pvc_clear\"><\/div>\n","protected":false},"author":1,"featured_media":0,"parent":0,"menu_order":0,"comment_status":"closed","ping_status":"closed","template":"","meta":{"footnotes":""},"class_list":["post-623","page","type-page","status-publish","hentry"],"_links":{"self":[{"href":"https:\/\/www.matrinhirvoset.fi\/index.php?rest_route=\/wp\/v2\/pages\/623","targetHints":{"allow":["GET"]}}],"collection":[{"href":"https:\/\/www.matrinhirvoset.fi\/index.php?rest_route=\/wp\/v2\/pages"}],"about":[{"href":"https:\/\/www.matrinhirvoset.fi\/index.php?rest_route=\/wp\/v2\/types\/page"}],"author":[{"embeddable":true,"href":"https:\/\/www.matrinhirvoset.fi\/index.php?rest_route=\/wp\/v2\/users\/1"}],"replies":[{"embeddable":true,"href":"https:\/\/www.matrinhirvoset.fi\/index.php?rest_route=%2Fwp%2Fv2%2Fcomments&post=623"}],"version-history":[{"count":35,"href":"https:\/\/www.matrinhirvoset.fi\/index.php?rest_route=\/wp\/v2\/pages\/623\/revisions"}],"predecessor-version":[{"id":2922,"href":"https:\/\/www.matrinhirvoset.fi\/index.php?rest_route=\/wp\/v2\/pages\/623\/revisions\/2922"}],"wp:attachment":[{"href":"https:\/\/www.matrinhirvoset.fi\/index.php?rest_route=%2Fwp%2Fv2%2Fmedia&parent=623"}],"curies":[{"name":"wp","href":"https:\/\/api.w.org\/{rel}","templated":true}]}}